{"id":60,"date":"2013-01-26T15:19:24","date_gmt":"2013-01-26T14:19:24","guid":{"rendered":"http:\/\/www.studio-martinetti.it\/?page_id=60"},"modified":"2013-02-12T14:48:04","modified_gmt":"2013-02-12T13:48:04","slug":"chi-siamo","status":"publish","type":"page","link":"https:\/\/www.studio-martinetti.it\/?page_id=60","title":{"rendered":"Chi Siamo"},"content":{"rendered":"<h3 style=\"text-align: center;\">Lo Studio Martinetti opera nel settore amministrazione stabili con seriet\u00e0 e competenza dal 1974.<\/h3>\n<h3 style=\"text-align: center;\">La maggior parte delle unit\u00e0 immobiliari da noi gestite sono ubicate in centro citt\u00e0 e collina.<\/h3>\n<h3 style=\"text-align: center;\">Operiamo anche nella gestione patrimoniale immobiliare garantendo i seguenti servizi: locazione vendita delle propriet\u00e0, stesura contratti, riscossione affitti, recupero crediti, consulenza personalizzata, impegno nel rispetto contrattuale delle consegne, servizio di consulenza legale direttamente presso il nostro studio a disposizione dei Sigg. Clienti, rendiconti mensili degli incassi affitti e delle spese.<\/h3>\n","protected":false},"excerpt":{"rendered":"<p>Lo Studio Martinetti opera nel settore amministrazione stabili con seriet\u00e0 e competenza dal 1974. La maggior parte delle unit\u00e0 immobiliari da noi gestite sono ubicate in centro citt\u00e0 e collina. Operiamo anche nella gestione patrimoniale immobiliare garantendo i seguenti servizi: locazione vendita delle propriet\u00e0, stesura contratti, riscossione affitti, recupero crediti, consulenza personalizzata, impegno nel rispetto [&hellip;]<\/p>\n","protected":false},"author":1,"featured_media":0,"parent":0,"menu_order":0,"comment_status":"open","ping_status":"open","template":"","meta":{"ngg_post_thumbnail":0},"_links":{"self":[{"href":"https:\/\/www.studio-martinetti.it\/index.php?rest_route=\/wp\/v2\/pages\/60"}],"collection":[{"href":"https:\/\/www.studio-martinetti.it\/index.php?rest_route=\/wp\/v2\/pages"}],"about":[{"href":"https:\/\/www.studio-martinetti.it\/index.php?rest_route=\/wp\/v2\/types\/page"}],"author":[{"embeddable":true,"href":"https:\/\/www.studio-martinetti.it\/index.php?rest_route=\/wp\/v2\/users\/1"}],"replies":[{"embeddable":true,"href":"https:\/\/www.studio-martinetti.it\/index.php?rest_route=%2Fwp%2Fv2%2Fcomments&post=60"}],"version-history":[{"count":5,"href":"https:\/\/www.studio-martinetti.it\/index.php?rest_route=\/wp\/v2\/pages\/60\/revisions"}],"predecessor-version":[{"id":91,"href":"https:\/\/www.studio-martinetti.it\/index.php?rest_route=\/wp\/v2\/pages\/60\/revisions\/91"}],"wp:attachment":[{"href":"https:\/\/www.studio-martinetti.it\/index.php?rest_route=%2Fwp%2Fv2%2Fmedia&parent=60"}],"curies":[{"name":"wp","href":"https:\/\/api.w.org\/{rel}","templated":true}]}}