{"id":47,"date":"2013-01-26T15:10:45","date_gmt":"2013-01-26T14:10:45","guid":{"rendered":"http:\/\/www.studio-martinetti.it\/?page_id=47"},"modified":"2013-01-26T15:17:14","modified_gmt":"2013-01-26T14:17:14","slug":"amministrazioni-immobiliari","status":"publish","type":"page","link":"https:\/\/www.studio-martinetti.it\/?page_id=47","title":{"rendered":"Amministrazioni Immobiliari"},"content":{"rendered":"<h3 style=\"text-align: center;\">Lo Studio Martinetti opera nel settore amministrazione stabili con seriet\u00e0 e competenza dal 1974.<\/h3>\n<h3 style=\"text-align: center;\">La maggior parte delle unit\u00e0 immobiliari da noi gestite sono ubicate in centro citt\u00e0 e collina.<\/h3>\n<p style=\"text-align: center;\"><div class=\"divider divider-shadow\"><\/div><\/p>\n<h3 style=\"text-align: center;\">Tel: 011 0864510<\/h3>\n<h3 style=\"text-align: center;\">Tel \/ Fax: 011 0864665<\/h3>\n<h3 style=\"text-align: center;\">Contattaci: &#8211; <a href=\"mailto:info@studio-martinetti.it\" target=\"_blank\">eMail<\/a><\/h3>\n<h3 style=\"text-align: center;\">Orario STUDIO<br \/>\nDa LUNEDI&#8217; a VENERDI&#8217;<br \/>\nore 09:00 &#8211; 13:00<\/h3>\n<h3 style=\"text-align: center;\">Indirizzo: Via Bogino, 8 &#8211; 10123 &#8211; Torino<\/h3>\n","protected":false},"excerpt":{"rendered":"<p>Lo Studio Martinetti opera nel settore amministrazione stabili con seriet\u00e0 e competenza dal 1974. La maggior parte delle unit\u00e0 immobiliari da noi gestite sono ubicate in centro citt\u00e0 e collina. Tel: 011 0864510 Tel \/ Fax: 011 0864665 Contattaci: &#8211; eMail Orario STUDIO Da LUNEDI&#8217; a VENERDI&#8217; ore 09:00 &#8211; 13:00 Indirizzo: Via Bogino, 8 [&hellip;]<\/p>\n","protected":false},"author":1,"featured_media":0,"parent":0,"menu_order":0,"comment_status":"open","ping_status":"open","template":"","meta":{"ngg_post_thumbnail":0},"_links":{"self":[{"href":"https:\/\/www.studio-martinetti.it\/index.php?rest_route=\/wp\/v2\/pages\/47"}],"collection":[{"href":"https:\/\/www.studio-martinetti.it\/index.php?rest_route=\/wp\/v2\/pages"}],"about":[{"href":"https:\/\/www.studio-martinetti.it\/index.php?rest_route=\/wp\/v2\/types\/page"}],"author":[{"embeddable":true,"href":"https:\/\/www.studio-martinetti.it\/index.php?rest_route=\/wp\/v2\/users\/1"}],"replies":[{"embeddable":true,"href":"https:\/\/www.studio-martinetti.it\/index.php?rest_route=%2Fwp%2Fv2%2Fcomments&post=47"}],"version-history":[{"count":5,"href":"https:\/\/www.studio-martinetti.it\/index.php?rest_route=\/wp\/v2\/pages\/47\/revisions"}],"predecessor-version":[{"id":59,"href":"https:\/\/www.studio-martinetti.it\/index.php?rest_route=\/wp\/v2\/pages\/47\/revisions\/59"}],"wp:attachment":[{"href":"https:\/\/www.studio-martinetti.it\/index.php?rest_route=%2Fwp%2Fv2%2Fmedia&parent=47"}],"curies":[{"name":"wp","href":"https:\/\/api.w.org\/{rel}","templated":true}]}}